{"id":1071,"date":"2024-12-12T02:58:55","date_gmt":"2024-12-12T02:58:55","guid":{"rendered":"https:\/\/recrute.fleexstudio.com\/?page_id=1071"},"modified":"2026-01-07T18:50:29","modified_gmt":"2026-01-07T18:50:29","slug":"our-services","status":"publish","type":"page","link":"https:\/\/abril.neiff.com.ar\/?page_id=1071","title":{"rendered":"Nuestros servicios"},"content":{"rendered":"\t\t<div data-elementor-type=\"wp-page\" data-elementor-id=\"1071\" class=\"elementor elementor-1071\">\n\t\t\t\t<div class=\"elementor-element elementor-element-687e920 e-flex e-con-boxed e-con e-parent\" data-id=\"687e920\" data-element_type=\"container\">\n\t\t\t\t\t<div class=\"e-con-inner\">\n\t\t<div class=\"elementor-element elementor-element-9c0aac4 e-con-full e-flex e-con e-child\" data-id=\"9c0aac4\" data-element_type=\"container\">\n\t\t\t\t<div class=\"elementor-element elementor-element-bb77990 elementor-widget elementor-widget-heading\" data-id=\"bb77990\" data-element_type=\"widget\" data-widget_type=\"heading.default\">\n\t\t\t\t\t<h2 class=\"elementor-heading-title elementor-size-default\">Beneficios de afiliados<\/h2>\t\t\t\t<\/div>\n\t\t\t\t<div class=\"elementor-element elementor-element-3be5ecf elementor-widget elementor-widget-text-editor\" data-id=\"3be5ecf\" data-element_type=\"widget\" data-widget_type=\"text-editor.default\">\n\t\t\t\t\t\t\t\t\t<p>En nuestra mutual ofrecemos multiples beneficios y servicios para los afiliados, encuentre su descripci\u00f3n en detalle en esta pesta\u00f1a.<\/p>\t\t\t\t\t\t\t\t<\/div>\n\t\t\t\t<\/div>\n\t\t<div class=\"elementor-element elementor-element-7847334 e-con-full e-flex e-con e-child\" data-id=\"7847334\" data-element_type=\"container\">\n\t\t\t\t<div class=\"elementor-element elementor-element-f4ddcb6 elementor-widget elementor-widget-image\" data-id=\"f4ddcb6\" data-element_type=\"widget\" data-widget_type=\"image.default\">\n\t\t\t\t\t\t\t\t\t\t\t\t\t\t\t<img fetchpriority=\"high\" decoding=\"async\" width=\"640\" height=\"427\" src=\"https:\/\/abril.neiff.com.ar\/wp-content\/uploads\/2026\/01\/ChatGPT-Image-Jan-7-2026-at-03_44_13-PM-1024x683.png\" class=\"attachment-large size-large wp-image-3761\" alt=\"\" srcset=\"https:\/\/abril.neiff.com.ar\/wp-content\/uploads\/2026\/01\/ChatGPT-Image-Jan-7-2026-at-03_44_13-PM-1024x683.png 1024w, https:\/\/abril.neiff.com.ar\/wp-content\/uploads\/2026\/01\/ChatGPT-Image-Jan-7-2026-at-03_44_13-PM-300x200.png 300w, https:\/\/abril.neiff.com.ar\/wp-content\/uploads\/2026\/01\/ChatGPT-Image-Jan-7-2026-at-03_44_13-PM-768x512.png 768w, https:\/\/abril.neiff.com.ar\/wp-content\/uploads\/2026\/01\/ChatGPT-Image-Jan-7-2026-at-03_44_13-PM.png 1536w\" sizes=\"(max-width: 640px) 100vw, 640px\" \/>\t\t\t\t\t\t\t\t\t\t\t\t\t\t\t<\/div>\n\t\t\t\t<\/div>\n\t\t\t\t\t<\/div>\n\t\t\t\t<\/div>\n\t\t<div class=\"elementor-element elementor-element-08a63ba e-flex e-con-boxed e-con e-parent\" data-id=\"08a63ba\" data-element_type=\"container\">\n\t\t\t\t\t<div class=\"e-con-inner\">\n\t\t<div class=\"elementor-element elementor-element-4036009 e-con-full e-flex e-con e-child\" data-id=\"4036009\" data-element_type=\"container\">\n\t\t\t\t<div class=\"elementor-element elementor-element-6a60cc4 elementor-widget elementor-widget-heading\" data-id=\"6a60cc4\" data-element_type=\"widget\" data-widget_type=\"heading.default\">\n\t\t\t\t\t<h2 class=\"elementor-heading-title elementor-size-default\">Reintegros<\/h2>\t\t\t\t<\/div>\n\t\t\t\t<div class=\"elementor-element elementor-element-ba2b554 elementor-widget elementor-widget-image\" data-id=\"ba2b554\" data-element_type=\"widget\" data-widget_type=\"image.default\">\n\t\t\t\t\t\t\t\t\t\t\t\t\t\t\t<img decoding=\"async\" width=\"320\" height=\"320\" src=\"https:\/\/abril.neiff.com.ar\/wp-content\/uploads\/2025\/10\/ChatGPT-Image-Oct-29-2025-at-04_14_28-PM-e1766721188342.png\" class=\"attachment-large size-large wp-image-3549\" alt=\"\" \/>\t\t\t\t\t\t\t\t\t\t\t\t\t\t\t<\/div>\n\t\t\t\t<div class=\"elementor-element elementor-element-baef1b2 elementor-widget elementor-widget-text-editor\" data-id=\"baef1b2\" data-element_type=\"widget\" data-widget_type=\"text-editor.default\">\n\t\t\t\t\t\t\t\t\t<p>Para Tratamientos Prolongados de los afiliados, cubriendo distintos porcentajes de gastos m\u00e9dicos, de movilidad, internaci\u00f3n, cuotas de obras sociales y diversos estudios.<br \/>Adem\u00e1s, se cuenta con subsidios varios.<\/p>\t\t\t\t\t\t\t\t<\/div>\n\t\t\t\t<\/div>\n\t\t<div class=\"elementor-element elementor-element-356dfba e-con-full e-flex e-con e-child\" data-id=\"356dfba\" data-element_type=\"container\">\n\t\t\t\t<div class=\"elementor-element elementor-element-860cc59 elementor-widget elementor-widget-heading\" data-id=\"860cc59\" data-element_type=\"widget\" data-widget_type=\"heading.default\">\n\t\t\t\t\t<h2 class=\"elementor-heading-title elementor-size-default\">Equipamiento medico<\/h2>\t\t\t\t<\/div>\n\t\t\t\t<div class=\"elementor-element elementor-element-8b4b5cf elementor-widget elementor-widget-image\" data-id=\"8b4b5cf\" data-element_type=\"widget\" data-widget_type=\"image.default\">\n\t\t\t\t\t\t\t\t\t\t\t\t\t\t\t<img decoding=\"async\" width=\"640\" height=\"640\" src=\"https:\/\/abril.neiff.com.ar\/wp-content\/uploads\/2025\/10\/ChatGPT-Image-Oct-29-2025-at-04_14_33-PM.png\" class=\"attachment-large size-large wp-image-3550\" alt=\"\" srcset=\"https:\/\/abril.neiff.com.ar\/wp-content\/uploads\/2025\/10\/ChatGPT-Image-Oct-29-2025-at-04_14_33-PM.png 1024w, https:\/\/abril.neiff.com.ar\/wp-content\/uploads\/2025\/10\/ChatGPT-Image-Oct-29-2025-at-04_14_33-PM-300x300.png 300w, https:\/\/abril.neiff.com.ar\/wp-content\/uploads\/2025\/10\/ChatGPT-Image-Oct-29-2025-at-04_14_33-PM-150x150.png 150w, https:\/\/abril.neiff.com.ar\/wp-content\/uploads\/2025\/10\/ChatGPT-Image-Oct-29-2025-at-04_14_33-PM-768x768.png 768w\" sizes=\"(max-width: 640px) 100vw, 640px\" \/>\t\t\t\t\t\t\t\t\t\t\t\t\t\t\t<\/div>\n\t\t\t\t<div class=\"elementor-element elementor-element-5bcf341 elementor-widget elementor-widget-text-editor\" data-id=\"5bcf341\" data-element_type=\"widget\" data-widget_type=\"text-editor.default\">\n\t\t\t\t\t\t\t\t\t<p>La mutual provee en comodato de forma gratuita de equipamiento m\u00e9dico como ser: sillas de ruedas, muletas, camas ortop\u00e9dicas, etc.<\/p>\t\t\t\t\t\t\t\t<\/div>\n\t\t\t\t<\/div>\n\t\t<div class=\"elementor-element elementor-element-7fd2dfa e-con-full e-flex e-con e-child\" data-id=\"7fd2dfa\" data-element_type=\"container\">\n\t\t\t\t<div class=\"elementor-element elementor-element-9422591 elementor-widget elementor-widget-heading\" data-id=\"9422591\" data-element_type=\"widget\" data-widget_type=\"heading.default\">\n\t\t\t\t\t<h2 class=\"elementor-heading-title elementor-size-default\">Ayudas econ\u00f3micas<\/h2>\t\t\t\t<\/div>\n\t\t\t\t<div class=\"elementor-element elementor-element-f6d8a82 elementor-widget elementor-widget-image\" data-id=\"f6d8a82\" data-element_type=\"widget\" data-widget_type=\"image.default\">\n\t\t\t\t\t\t\t\t\t\t\t\t\t\t\t<img loading=\"lazy\" decoding=\"async\" width=\"640\" height=\"640\" src=\"https:\/\/abril.neiff.com.ar\/wp-content\/uploads\/2025\/10\/ChatGPT-Image-Oct-29-2025-at-04_18_47-PM.png\" class=\"attachment-large size-large wp-image-3555\" alt=\"\" srcset=\"https:\/\/abril.neiff.com.ar\/wp-content\/uploads\/2025\/10\/ChatGPT-Image-Oct-29-2025-at-04_18_47-PM.png 1024w, https:\/\/abril.neiff.com.ar\/wp-content\/uploads\/2025\/10\/ChatGPT-Image-Oct-29-2025-at-04_18_47-PM-300x300.png 300w, https:\/\/abril.neiff.com.ar\/wp-content\/uploads\/2025\/10\/ChatGPT-Image-Oct-29-2025-at-04_18_47-PM-150x150.png 150w, https:\/\/abril.neiff.com.ar\/wp-content\/uploads\/2025\/10\/ChatGPT-Image-Oct-29-2025-at-04_18_47-PM-768x768.png 768w\" sizes=\"(max-width: 640px) 100vw, 640px\" \/>\t\t\t\t\t\t\t\t\t\t\t\t\t\t\t<\/div>\n\t\t\t\t<div class=\"elementor-element elementor-element-958b5ee elementor-widget elementor-widget-text-editor\" data-id=\"958b5ee\" data-element_type=\"widget\" data-widget_type=\"text-editor.default\">\n\t\t\t\t\t\t\t\t\t<p>El cupo de ayuda econ\u00f3mica personal de cada asociado es la suma total acumulada de sus aportes personales: entre Fondo Suplementario + Cuenta Ahorro \u2013 Saldo. <br \/>Las rentas ser\u00e1n capitalizadas anualmente en funci\u00f3n del porcentaje de participaci\u00f3n de cada asociado al Fondo Suplementario.<\/p>\t\t\t\t\t\t\t\t<\/div>\n\t\t\t\t<\/div>\n\t\t<div class=\"elementor-element elementor-element-1fafc3f e-con-full e-flex e-con e-child\" data-id=\"1fafc3f\" data-element_type=\"container\">\n\t\t\t\t<div class=\"elementor-element elementor-element-c89c7d5 elementor-widget elementor-widget-heading\" data-id=\"c89c7d5\" data-element_type=\"widget\" data-widget_type=\"heading.default\">\n\t\t\t\t\t<h2 class=\"elementor-heading-title elementor-size-default\">Ayuda econ\u00f3mica por proovedur\u00eda<\/h2>\t\t\t\t<\/div>\n\t\t\t\t<div class=\"elementor-element elementor-element-ee9502a elementor-widget elementor-widget-image\" data-id=\"ee9502a\" data-element_type=\"widget\" data-widget_type=\"image.default\">\n\t\t\t\t\t\t\t\t\t\t\t\t\t\t\t<img loading=\"lazy\" decoding=\"async\" width=\"640\" height=\"640\" src=\"https:\/\/abril.neiff.com.ar\/wp-content\/uploads\/2025\/10\/ChatGPT-Image-Oct-29-2025-at-04_22_04-PM.png\" class=\"attachment-large size-large wp-image-3560\" alt=\"\" srcset=\"https:\/\/abril.neiff.com.ar\/wp-content\/uploads\/2025\/10\/ChatGPT-Image-Oct-29-2025-at-04_22_04-PM.png 1024w, https:\/\/abril.neiff.com.ar\/wp-content\/uploads\/2025\/10\/ChatGPT-Image-Oct-29-2025-at-04_22_04-PM-300x300.png 300w, https:\/\/abril.neiff.com.ar\/wp-content\/uploads\/2025\/10\/ChatGPT-Image-Oct-29-2025-at-04_22_04-PM-150x150.png 150w, https:\/\/abril.neiff.com.ar\/wp-content\/uploads\/2025\/10\/ChatGPT-Image-Oct-29-2025-at-04_22_04-PM-768x768.png 768w\" sizes=\"(max-width: 640px) 100vw, 640px\" \/>\t\t\t\t\t\t\t\t\t\t\t\t\t\t\t<\/div>\n\t\t\t\t<div class=\"elementor-element elementor-element-df41718 elementor-widget elementor-widget-text-editor\" data-id=\"df41718\" data-element_type=\"widget\" data-widget_type=\"text-editor.default\">\n\t\t\t\t\t\t\t\t\t<p>En los casos que los socios necesiten distintos equipamientos para el hogar, los pueden obtener a trav\u00e9s del servicio de proveedur\u00eda, que les da ayuda econ\u00f3mica y la facilidad de recibir el producto en su domicilio.<\/p>\t\t\t\t\t\t\t\t<\/div>\n\t\t\t\t<\/div>\n\t\t<div class=\"elementor-element elementor-element-7abddf8 e-con-full e-flex e-con e-child\" data-id=\"7abddf8\" data-element_type=\"container\">\n\t\t\t\t<div class=\"elementor-element elementor-element-7d07f5e elementor-widget elementor-widget-heading\" data-id=\"7d07f5e\" data-element_type=\"widget\" data-widget_type=\"heading.default\">\n\t\t\t\t\t<h2 class=\"elementor-heading-title elementor-size-default\">Casa interior<\/h2>\t\t\t\t<\/div>\n\t\t\t\t<div class=\"elementor-element elementor-element-032ec14 elementor-widget elementor-widget-image\" data-id=\"032ec14\" data-element_type=\"widget\" data-widget_type=\"image.default\">\n\t\t\t\t\t\t\t\t\t\t\t\t\t\t\t<img loading=\"lazy\" decoding=\"async\" width=\"640\" height=\"640\" src=\"https:\/\/abril.neiff.com.ar\/wp-content\/uploads\/2025\/10\/ChatGPT-Image-Oct-29-2025-at-05_50_04-PM.png\" class=\"attachment-large size-large wp-image-3562\" alt=\"\" srcset=\"https:\/\/abril.neiff.com.ar\/wp-content\/uploads\/2025\/10\/ChatGPT-Image-Oct-29-2025-at-05_50_04-PM.png 1024w, https:\/\/abril.neiff.com.ar\/wp-content\/uploads\/2025\/10\/ChatGPT-Image-Oct-29-2025-at-05_50_04-PM-300x300.png 300w, https:\/\/abril.neiff.com.ar\/wp-content\/uploads\/2025\/10\/ChatGPT-Image-Oct-29-2025-at-05_50_04-PM-150x150.png 150w, https:\/\/abril.neiff.com.ar\/wp-content\/uploads\/2025\/10\/ChatGPT-Image-Oct-29-2025-at-05_50_04-PM-768x768.png 768w\" sizes=\"(max-width: 640px) 100vw, 640px\" \/>\t\t\t\t\t\t\t\t\t\t\t\t\t\t\t<\/div>\n\t\t\t\t<div class=\"elementor-element elementor-element-0b1ed6c elementor-widget elementor-widget-text-editor\" data-id=\"0b1ed6c\" data-element_type=\"widget\" data-widget_type=\"text-editor.default\">\n\t\t\t\t\t\t\t\t\t<p>Para la comodidad de aquellos que por distintas circunstancias necesitan trasladarse a Resistencia por razones de salud, en las mismas instalaciones de las oficinas de la administraci\u00f3n, se encuentran disponibles habitaciones dobles, para que puedan cursar sus distintos tratamientos m\u00e9dicos.<\/p>\t\t\t\t\t\t\t\t<\/div>\n\t\t\t\t<\/div>\n\t\t<div class=\"elementor-element elementor-element-aefaf23 e-con-full e-flex e-con e-child\" data-id=\"aefaf23\" data-element_type=\"container\">\n\t\t\t\t<div class=\"elementor-element elementor-element-0040799 elementor-widget elementor-widget-heading\" data-id=\"0040799\" data-element_type=\"widget\" data-widget_type=\"heading.default\">\n\t\t\t\t\t<h2 class=\"elementor-heading-title elementor-size-default\">Predios<\/h2>\t\t\t\t<\/div>\n\t\t\t\t<div class=\"elementor-element elementor-element-0ca65b9 elementor-widget elementor-widget-image\" data-id=\"0ca65b9\" data-element_type=\"widget\" data-widget_type=\"image.default\">\n\t\t\t\t\t\t\t\t\t\t\t\t\t\t\t<img loading=\"lazy\" decoding=\"async\" width=\"640\" height=\"640\" src=\"https:\/\/abril.neiff.com.ar\/wp-content\/uploads\/2025\/10\/ChatGPT-Image-Oct-29-2025-at-05_57_33-PM.png\" class=\"attachment-large size-large wp-image-3563\" alt=\"\" srcset=\"https:\/\/abril.neiff.com.ar\/wp-content\/uploads\/2025\/10\/ChatGPT-Image-Oct-29-2025-at-05_57_33-PM.png 1024w, https:\/\/abril.neiff.com.ar\/wp-content\/uploads\/2025\/10\/ChatGPT-Image-Oct-29-2025-at-05_57_33-PM-300x300.png 300w, https:\/\/abril.neiff.com.ar\/wp-content\/uploads\/2025\/10\/ChatGPT-Image-Oct-29-2025-at-05_57_33-PM-150x150.png 150w, https:\/\/abril.neiff.com.ar\/wp-content\/uploads\/2025\/10\/ChatGPT-Image-Oct-29-2025-at-05_57_33-PM-768x768.png 768w\" sizes=\"(max-width: 640px) 100vw, 640px\" \/>\t\t\t\t\t\t\t\t\t\t\t\t\t\t\t<\/div>\n\t\t\t\t<div class=\"elementor-element elementor-element-d7f45e1 elementor-widget elementor-widget-text-editor\" data-id=\"d7f45e1\" data-element_type=\"widget\" data-widget_type=\"text-editor.default\">\n\t\t\t\t\t\t\t\t\t<p>Actualmente contamos con 5 Predios con Camping, ubicados en Resistencia, S\u00e1enz Pe\u00f1a, Villa \u00c1ngela, Villa R\u00edo Bermejito y Gral. San Mart\u00edn. En los 3 Primeros con Sal\u00f3n de Fiestas, y a excepci\u00f3n del de V.R. Bermejito que tiene Caba\u00f1as, los dem\u00e1s poseen canchas de futbol.<\/p>\t\t\t\t\t\t\t\t<\/div>\n\t\t\t\t<\/div>\n\t\t\t\t\t<\/div>\n\t\t\t\t<\/div>\n\t\t<div class=\"elementor-element elementor-element-59b989b e-flex e-con-boxed e-con e-parent\" data-id=\"59b989b\" data-element_type=\"container\">\n\t\t\t\t\t<div class=\"e-con-inner\">\n\t\t\t\t<div class=\"elementor-element elementor-element-1fc5741 elementor-widget elementor-widget-heading\" data-id=\"1fc5741\" data-element_type=\"widget\" data-widget_type=\"heading.default\">\n\t\t\t\t\t<h2 class=\"elementor-heading-title elementor-size-default\">Visualizador de la casa Interior<\/h2>\t\t\t\t<\/div>\n\t\t\t\t<div class=\"elementor-element elementor-element-c1f0820 elementor-arrows-position-inside elementor-pagination-position-outside elementor-widget elementor-widget-image-carousel\" data-id=\"c1f0820\" data-element_type=\"widget\" data-settings=\"{&quot;navigation&quot;:&quot;both&quot;,&quot;autoplay&quot;:&quot;yes&quot;,&quot;pause_on_hover&quot;:&quot;yes&quot;,&quot;pause_on_interaction&quot;:&quot;yes&quot;,&quot;autoplay_speed&quot;:5000,&quot;infinite&quot;:&quot;yes&quot;,&quot;speed&quot;:500}\" data-widget_type=\"image-carousel.default\">\n\t\t\t\t\t\t\t<div class=\"elementor-image-carousel-wrapper swiper\" role=\"region\" aria-roledescription=\"carousel\" aria-label=\"Carrusel de im\u00e1genes\" dir=\"ltr\">\n\t\t\t<div class=\"elementor-image-carousel swiper-wrapper\" aria-live=\"off\">\n\t\t\t\t\t\t\t\t<div class=\"swiper-slide\" role=\"group\" aria-roledescription=\"slide\" aria-label=\"1 de 5\"><figure class=\"swiper-slide-inner\"><img decoding=\"async\" class=\"swiper-slide-image\" src=\"https:\/\/abril.neiff.com.ar\/wp-content\/uploads\/2026\/01\/mutual-2-300x251.png\" alt=\"mutual 2\" \/><\/figure><\/div><div class=\"swiper-slide\" role=\"group\" aria-roledescription=\"slide\" aria-label=\"2 de 5\"><figure class=\"swiper-slide-inner\"><img decoding=\"async\" class=\"swiper-slide-image\" src=\"https:\/\/abril.neiff.com.ar\/wp-content\/uploads\/2026\/01\/mutual-3-300x222.png\" alt=\"mutual 3\" \/><\/figure><\/div><div class=\"swiper-slide\" role=\"group\" aria-roledescription=\"slide\" aria-label=\"3 de 5\"><figure class=\"swiper-slide-inner\"><img decoding=\"async\" class=\"swiper-slide-image\" src=\"https:\/\/abril.neiff.com.ar\/wp-content\/uploads\/2026\/01\/mutual-1-300x250.png\" alt=\"mutual 1\" \/><\/figure><\/div><div class=\"swiper-slide\" role=\"group\" aria-roledescription=\"slide\" aria-label=\"4 de 5\"><figure class=\"swiper-slide-inner\"><img decoding=\"async\" class=\"swiper-slide-image\" src=\"https:\/\/abril.neiff.com.ar\/wp-content\/uploads\/2026\/01\/mutual-5-300x230.png\" alt=\"mutual 5\" \/><\/figure><\/div><div class=\"swiper-slide\" role=\"group\" aria-roledescription=\"slide\" aria-label=\"5 de 5\"><figure class=\"swiper-slide-inner\"><img decoding=\"async\" class=\"swiper-slide-image\" src=\"https:\/\/abril.neiff.com.ar\/wp-content\/uploads\/2026\/01\/mutual-6-300x225.png\" alt=\"mutual 6\" \/><\/figure><\/div>\t\t\t<\/div>\n\t\t\t\t\t\t\t\t\t\t\t\t<div class=\"elementor-swiper-button elementor-swiper-button-prev\" role=\"button\" tabindex=\"0\">\n\t\t\t\t\t\t<svg aria-hidden=\"true\" class=\"e-font-icon-svg e-eicon-chevron-left\" viewBox=\"0 0 1000 1000\" xmlns=\"http:\/\/www.w3.org\/2000\/svg\"><path d=\"M646 125C629 125 613 133 604 142L308 442C296 454 292 471 292 487 292 504 296 521 308 533L604 854C617 867 629 875 646 875 663 875 679 871 692 858 704 846 713 829 713 812 713 796 708 779 692 767L438 487 692 225C700 217 708 204 708 187 708 171 704 154 692 142 675 129 663 125 646 125Z\"><\/path><\/svg>\t\t\t\t\t<\/div>\n\t\t\t\t\t<div class=\"elementor-swiper-button elementor-swiper-button-next\" role=\"button\" tabindex=\"0\">\n\t\t\t\t\t\t<svg aria-hidden=\"true\" class=\"e-font-icon-svg e-eicon-chevron-right\" viewBox=\"0 0 1000 1000\" xmlns=\"http:\/\/www.w3.org\/2000\/svg\"><path d=\"M696 533C708 521 713 504 713 487 713 471 708 454 696 446L400 146C388 133 375 125 354 125 338 125 325 129 313 142 300 154 292 171 292 187 292 204 296 221 308 233L563 492 304 771C292 783 288 800 288 817 288 833 296 850 308 863 321 871 338 875 354 875 371 875 388 867 400 854L696 533Z\"><\/path><\/svg>\t\t\t\t\t<\/div>\n\t\t\t\t\n\t\t\t\t\t\t\t\t\t<div class=\"swiper-pagination\"><\/div>\n\t\t\t\t\t\t\t\t\t<\/div>\n\t\t\t\t\t\t<\/div>\n\t\t\t\t\t<\/div>\n\t\t\t\t<\/div>\n\t\t<div class=\"elementor-element elementor-element-5c1b201 e-flex e-con-boxed e-con e-parent\" data-id=\"5c1b201\" data-element_type=\"container\">\n\t\t\t\t\t<div class=\"e-con-inner\">\n\t\t\t\t<div class=\"elementor-element elementor-element-f02cc7c elementor-widget elementor-widget-heading\" data-id=\"f02cc7c\" data-element_type=\"widget\" data-widget_type=\"heading.default\">\n\t\t\t\t\t<h2 class=\"elementor-heading-title elementor-size-default\">Beneficios de afiliados<\/h2>\t\t\t\t<\/div>\n\t\t\t\t\t<\/div>\n\t\t\t\t<\/div>\n\t\t<div class=\"elementor-element elementor-element-5beca0b e-flex e-con-boxed e-con e-parent\" data-id=\"5beca0b\" data-element_type=\"container\">\n\t\t\t\t\t<div class=\"e-con-inner\">\n\t\t<div class=\"elementor-element elementor-element-9d6a9a0 e-con-full e-flex e-con e-child\" data-id=\"9d6a9a0\" data-element_type=\"container\">\n\t\t\t\t<div class=\"elementor-element elementor-element-b408868 elementor-widget elementor-widget-heading\" data-id=\"b408868\" data-element_type=\"widget\" data-widget_type=\"heading.default\">\n\t\t\t\t\t<h2 class=\"elementor-heading-title elementor-size-default\">Socio jubilado activo<\/h2>\t\t\t\t<\/div>\n\t\t\t\t<div class=\"elementor-element elementor-element-bb3dbbd elementor-widget elementor-widget-text-editor\" data-id=\"bb3dbbd\" data-element_type=\"widget\" data-widget_type=\"text-editor.default\">\n\t\t\t\t\t\t\t\t\t<p>Tiene un descuento del 3% sobre sueldo de jubilado, sin el Fondo Suplementario $15.510, con seguro $18.930 y con el Fondo Suplementario 6%. <br \/>Los beneficios son \u00eddem Socio Activo. $30.510 y con seguro $33.930.<\/p>\t\t\t\t\t\t\t\t<\/div>\n\t\t\t\t<\/div>\n\t\t<div class=\"elementor-element elementor-element-105a705 e-con-full e-flex e-con e-child\" data-id=\"105a705\" data-element_type=\"container\">\n\t\t\t\t<div class=\"elementor-element elementor-element-4728e34 elementor-widget elementor-widget-heading\" data-id=\"4728e34\" data-element_type=\"widget\" data-widget_type=\"heading.default\">\n\t\t\t\t\t<h2 class=\"elementor-heading-title elementor-size-default\">Socio adherente com\u00fan con seguro de vida<\/h2>\t\t\t\t<\/div>\n\t\t\t\t<div class=\"elementor-element elementor-element-5978467 elementor-widget elementor-widget-text-editor\" data-id=\"5978467\" data-element_type=\"widget\" data-widget_type=\"text-editor.default\">\n\t\t\t\t\t\t\t\t\t<p>Abona un total de ($4.320), tiene un descuento de $ 900 de cuota social y $1.710 seguro individual y $1.710 seguro c\u00f3nyuge.<br \/>El Beneficio es el uso de los predios y ayudas econ\u00f3micas hasta $ 100.000 y hasta en 24 cuotas.<\/p>\t\t\t\t\t\t\t\t<\/div>\n\t\t\t\t<\/div>\n\t\t<div class=\"elementor-element elementor-element-73323b7 e-con-full e-flex e-con e-child\" data-id=\"73323b7\" data-element_type=\"container\">\n\t\t\t\t<div class=\"elementor-element elementor-element-3dc6f8a elementor-widget elementor-widget-heading\" data-id=\"3dc6f8a\" data-element_type=\"widget\" data-widget_type=\"heading.default\">\n\t\t\t\t\t<h2 class=\"elementor-heading-title elementor-size-default\">Socio adherente com\u00fan<\/h2>\t\t\t\t<\/div>\n\t\t\t\t<div class=\"elementor-element elementor-element-b16c1c7 elementor-widget elementor-widget-text-editor\" data-id=\"b16c1c7\" data-element_type=\"widget\" data-widget_type=\"text-editor.default\">\n\t\t\t\t\t\t\t\t\t<p>Tiene un descuento de $ 900 de cuota social.<br \/>Mismos beneficios que el anterior, sin seguro de vida.<\/p>\t\t\t\t\t\t\t\t<\/div>\n\t\t\t\t<\/div>\n\t\t\t\t\t<\/div>\n\t\t\t\t<\/div>\n\t\t\t\t<\/div>\n\t\t","protected":false},"excerpt":{"rendered":"<p>Beneficios de afiliados En nuestra mutual ofrecemos multiples beneficios y servicios para los afiliados, encuentre su descripci\u00f3n en detalle en esta pesta\u00f1a. Reintegros Para Tratamientos Prolongados de los afiliados, cubriendo distintos porcentajes de gastos m\u00e9dicos, de movilidad, internaci\u00f3n, cuotas de obras sociales y diversos estudios.Adem\u00e1s, se cuenta con subsidios varios. Equipamiento medico La mutual provee [&hellip;]<\/p>\n","protected":false},"author":1,"featured_media":0,"parent":0,"menu_order":0,"comment_status":"closed","ping_status":"closed","template":"elementor_header_footer","meta":{"_monsterinsights_skip_tracking":false,"_monsterinsights_sitenote_active":false,"_monsterinsights_sitenote_note":"","_monsterinsights_sitenote_category":0,"footnotes":""},"class_list":["post-1071","page","type-page","status-publish","hentry"],"aioseo_notices":[],"_links":{"self":[{"href":"https:\/\/abril.neiff.com.ar\/index.php?rest_route=\/wp\/v2\/pages\/1071","targetHints":{"allow":["GET"]}}],"collection":[{"href":"https:\/\/abril.neiff.com.ar\/index.php?rest_route=\/wp\/v2\/pages"}],"about":[{"href":"https:\/\/abril.neiff.com.ar\/index.php?rest_route=\/wp\/v2\/types\/page"}],"author":[{"embeddable":true,"href":"https:\/\/abril.neiff.com.ar\/index.php?rest_route=\/wp\/v2\/users\/1"}],"replies":[{"embeddable":true,"href":"https:\/\/abril.neiff.com.ar\/index.php?rest_route=%2Fwp%2Fv2%2Fcomments&post=1071"}],"version-history":[{"count":97,"href":"https:\/\/abril.neiff.com.ar\/index.php?rest_route=\/wp\/v2\/pages\/1071\/revisions"}],"predecessor-version":[{"id":3767,"href":"https:\/\/abril.neiff.com.ar\/index.php?rest_route=\/wp\/v2\/pages\/1071\/revisions\/3767"}],"wp:attachment":[{"href":"https:\/\/abril.neiff.com.ar\/index.php?rest_route=%2Fwp%2Fv2%2Fmedia&parent=1071"}],"curies":[{"name":"wp","href":"https:\/\/api.w.org\/{rel}","templated":true}]}}