{"id":32,"date":"2024-11-24T04:02:24","date_gmt":"2024-11-24T04:02:24","guid":{"rendered":"https:\/\/recrute.fleexstudio.com\/?page_id=32"},"modified":"2025-10-29T21:10:43","modified_gmt":"2025-10-29T21:10:43","slug":"contact","status":"publish","type":"page","link":"https:\/\/abril.neiff.com.ar\/?page_id=32","title":{"rendered":"Contacto"},"content":{"rendered":"\t\t<div data-elementor-type=\"wp-page\" data-elementor-id=\"32\" class=\"elementor elementor-32\">\n\t\t\t\t<div class=\"elementor-element elementor-element-58ecb1b e-con-full e-flex e-con e-parent\" data-id=\"58ecb1b\" data-element_type=\"container\">\n\t\t\t\t<div class=\"elementor-element elementor-element-c95bd69 elementor-widget elementor-widget-vl-contact\" data-id=\"c95bd69\" data-element_type=\"widget\" data-widget_type=\"vl-contact.default\">\n\t\t\t\t<div class=\"elementor-widget-container\">\n\t\t\t\t\t\n\n<div class=\"contact-page sp\">\n     <div class=\"container\">\n          <div class=\"row align-items-center\">\n               <div class=\"col-lg-6\">\n                    <div class=\"heading1\">\n\n                                                  <span class=\"span\">Contacto<\/span>\n                         \n                                                  <h2>Comun\u00edquese con nosotros<\/h2>\n                         \n                         \n                    <\/div>\n\n                    <div class=\"contact-page-box\">\n                         <div class=\"row\">\n\n                                                            <div class=\"col-lg-6\">\n                                   <div class=\"contact-box\">\n                                                                                <div class=\"icon\">\n                                             <img decoding=\"async\" src=\"https:\/\/recrute.vikinglab.agency\/corporate\/wp-content\/uploads\/sites\/7\/2025\/06\/Group-1.png\"\n                                                  alt=\"\">\n                                        <\/div>\n                                                                                <div class=\"heading1\">\n                                                                                          <p>Tel\u00e9fono<\/p>\n                                                                                                                                       <h4><a\n                                                       href=\"#\">03722-432781<\/a>\n                                             <\/h4>\n                                                                                     <\/div>\n                                   <\/div>\n                              <\/div>\n                                                            <div class=\"col-lg-6\">\n                                   <div class=\"contact-box\">\n                                                                                <div class=\"icon\">\n                                             <img decoding=\"async\" src=\"https:\/\/recrute.vikinglab.agency\/corporate\/wp-content\/uploads\/sites\/7\/2025\/06\/Group-3.png\"\n                                                  alt=\"\">\n                                        <\/div>\n                                                                                <div class=\"heading1\">\n                                                                                          <p>Email<\/p>\n                                                                                                                                       <h4><a\n                                                       href=\"#\">mutual\npersonal\nbancochaco@outlook.com.ar<\/a>\n                                             <\/h4>\n                                                                                     <\/div>\n                                   <\/div>\n                              <\/div>\n                              \n                         <\/div>\n                    <\/div>\n               <\/div>\n\n               <div class=\"col-lg-6\">\n                    <div class=\"contact1-form\">\n                         <div class=\"heading1\">\n\n                                                            <h3>Consultas<\/h3>\n                              \n                                                            <div class=\"space16\"><\/div>\n                              <p>Consultenos para saber m\u00e1s sobre beneficios, dudas o con lo que podamos ayudarle.<\/p>\n                              \n                         <\/div>\n                         <div class=\"space10\"><\/div>\n\n                         <div class=\"recrute-form\">\n                              \n<div class=\"wpcf7 no-js\" id=\"wpcf7-f793-o1\" lang=\"en-US\" dir=\"ltr\" data-wpcf7-id=\"793\">\n<div class=\"screen-reader-response\"><p role=\"status\" aria-live=\"polite\" aria-atomic=\"true\"><\/p> <ul><\/ul><\/div>\n<form action=\"\/index.php?rest_route=%2Fwp%2Fv2%2Fpages%2F32#wpcf7-f793-o1\" method=\"post\" class=\"wpcf7-form init\" aria-label=\"Contact form\" novalidate=\"novalidate\" data-status=\"init\">\n<fieldset class=\"hidden-fields-container\"><input type=\"hidden\" name=\"_wpcf7\" value=\"793\" \/><input type=\"hidden\" name=\"_wpcf7_version\" value=\"6.1.1\" \/><input type=\"hidden\" name=\"_wpcf7_locale\" value=\"en_US\" \/><input type=\"hidden\" name=\"_wpcf7_unit_tag\" value=\"wpcf7-f793-o1\" \/><input type=\"hidden\" name=\"_wpcf7_container_post\" value=\"0\" \/><input type=\"hidden\" name=\"_wpcf7_posted_data_hash\" value=\"\" \/>\n<\/fieldset>\n<div class=\"row\">\n                                   <div class=\"col-md-6\">\n                                        <div class=\"single-input\">\n                                             <span class=\"wpcf7-form-control-wrap\" data-name=\"text-16\"><input size=\"40\" maxlength=\"400\" class=\"wpcf7-form-control wpcf7-text wpcf7-validates-as-required\" aria-required=\"true\" aria-invalid=\"false\" placeholder=\"First Name\" value=\"\" type=\"text\" name=\"text-16\" \/><\/span>\n                                        <\/div>\n                                   <\/div>\n\n                                   <div class=\"col-md-6\">\n                                        <div class=\"single-input\">\n                                             <span class=\"wpcf7-form-control-wrap\" data-name=\"text-688\"><input size=\"40\" maxlength=\"400\" class=\"wpcf7-form-control wpcf7-text\" aria-invalid=\"false\" placeholder=\"Last Name\" value=\"\" type=\"text\" name=\"text-688\" \/><\/span>\n                                        <\/div>\n                                   <\/div>\n\n                                   <div class=\"col-md-6\">\n                                        <div class=\"single-input\">\n                                             <span class=\"wpcf7-form-control-wrap\" data-name=\"your-email\"><input size=\"40\" maxlength=\"400\" class=\"wpcf7-form-control wpcf7-email wpcf7-validates-as-required wpcf7-text wpcf7-validates-as-email\" autocomplete=\"email\" aria-required=\"true\" aria-invalid=\"false\" placeholder=\"Email\" value=\"\" type=\"email\" name=\"your-email\" \/><\/span>\n                                        <\/div>\n                                   <\/div>\n\n                                   <div class=\"col-md-6\">\n                                        <div class=\"single-input\">\n                                             <span class=\"wpcf7-form-control-wrap\" data-name=\"tel-919\"><input size=\"40\" maxlength=\"400\" class=\"wpcf7-form-control wpcf7-tel wpcf7-text wpcf7-validates-as-tel\" aria-invalid=\"false\" placeholder=\"Phone Number\" value=\"\" type=\"tel\" name=\"tel-919\" \/><\/span>\n                                        <\/div>\n                                   <\/div>\n\n                                   <div class=\"col-md-12\">\n                                        <div class=\"single-input\">\n                                             <span class=\"wpcf7-form-control-wrap\" data-name=\"text-891\"><input size=\"40\" maxlength=\"400\" class=\"wpcf7-form-control wpcf7-text\" aria-invalid=\"false\" placeholder=\"Subject\" value=\"\" type=\"text\" name=\"text-891\" \/><\/span>\n                                        <\/div>\n                                   <\/div>\n\n                                   <div class=\"col-md-12\">\n                                        <div class=\"single-input\">\n                                             <span class=\"wpcf7-form-control-wrap\" data-name=\"textarea-14\"><textarea cols=\"40\" rows=\"10\" maxlength=\"2000\" class=\"wpcf7-form-control wpcf7-textarea\" aria-invalid=\"false\" placeholder=\"You Message\" name=\"textarea-14\"><\/textarea><\/span>\n                                        <\/div>\n                                   <\/div>\n\n                                   <div class=\"col-md-12\">\n<div class=\"space20\"><\/div>\n                                        <div class=\"button\">\n<button class=\"theme-btn1\">Submit Now <span><i class=\"fa-solid fa-arrow-right\"><\/i><\/span><\/button>\n                                             \n                                        <\/div>\n                                   <\/div>\n\n                              <\/div><div class=\"wpcf7-response-output\" aria-hidden=\"true\"><\/div>\n<\/form>\n<\/div>\n                         <\/div>\n                    <\/div>\n               <\/div>\n\n          <\/div>\n     <\/div>\n<\/div>\n\n\n\n\n\t\t\t\t<\/div>\n\t\t\t\t<\/div>\n\t\t\t\t<\/div>\n\t\t<div class=\"elementor-element elementor-element-f707dd6 e-flex e-con-boxed e-con e-parent\" data-id=\"f707dd6\" data-element_type=\"container\">\n\t\t\t\t\t<div class=\"e-con-inner\">\n\t\t\t\t<div class=\"elementor-element elementor-element-930283c elementor-widget elementor-widget-heading\" data-id=\"930283c\" data-element_type=\"widget\" data-widget_type=\"heading.default\">\n\t\t\t\t\t<h2 class=\"elementor-heading-title elementor-size-default\">Nuestra direcci\u00f3n<\/h2>\t\t\t\t<\/div>\n\t\t\t\t\t<\/div>\n\t\t\t\t<\/div>\n\t\t<div class=\"elementor-element elementor-element-13d1af0 e-flex e-con-boxed e-con e-parent\" data-id=\"13d1af0\" data-element_type=\"container\">\n\t\t\t\t\t<div class=\"e-con-inner\">\n\t\t\t\t<div class=\"elementor-element elementor-element-cf4f55d elementor-widget elementor-widget-google_maps\" data-id=\"cf4f55d\" data-element_type=\"widget\" data-widget_type=\"google_maps.default\">\n\t\t\t\t\t\t\t<div class=\"elementor-custom-embed\">\n\t\t\t<iframe loading=\"lazy\"\n\t\t\t\t\tsrc=\"https:\/\/maps.google.com\/maps?q=Echeverr%C3%ADa%20460%2C%20H3500%20Resistencia%2C%20Chaco&#038;t=m&#038;z=16&#038;output=embed&#038;iwloc=near\"\n\t\t\t\t\ttitle=\"Echeverr\u00eda 460, H3500 Resistencia, Chaco\"\n\t\t\t\t\taria-label=\"Echeverr\u00eda 460, H3500 Resistencia, Chaco\"\n\t\t\t><\/iframe>\n\t\t<\/div>\n\t\t\t\t\t\t<\/div>\n\t\t\t\t\t<\/div>\n\t\t\t\t<\/div>\n\t\t\t\t<\/div>\n\t\t","protected":false},"excerpt":{"rendered":"<p>Contacto Comun\u00edquese con nosotros Tel\u00e9fono 03722-432781 Email mutual personal bancochaco@outlook.com.ar Consultas Consultenos para saber m\u00e1s sobre beneficios, dudas o con lo que podamos ayudarle. Submit Now Nuestra direcci\u00f3n<\/p>\n","protected":false},"author":1,"featured_media":0,"parent":0,"menu_order":0,"comment_status":"closed","ping_status":"closed","template":"elementor_header_footer","meta":{"_monsterinsights_skip_tracking":false,"_monsterinsights_sitenote_active":false,"_monsterinsights_sitenote_note":"","_monsterinsights_sitenote_category":0,"footnotes":""},"class_list":["post-32","page","type-page","status-publish","hentry"],"aioseo_notices":[],"_links":{"self":[{"href":"https:\/\/abril.neiff.com.ar\/index.php?rest_route=\/wp\/v2\/pages\/32","targetHints":{"allow":["GET"]}}],"collection":[{"href":"https:\/\/abril.neiff.com.ar\/index.php?rest_route=\/wp\/v2\/pages"}],"about":[{"href":"https:\/\/abril.neiff.com.ar\/index.php?rest_route=\/wp\/v2\/types\/page"}],"author":[{"embeddable":true,"href":"https:\/\/abril.neiff.com.ar\/index.php?rest_route=\/wp\/v2\/users\/1"}],"replies":[{"embeddable":true,"href":"https:\/\/abril.neiff.com.ar\/index.php?rest_route=%2Fwp%2Fv2%2Fcomments&post=32"}],"version-history":[{"count":17,"href":"https:\/\/abril.neiff.com.ar\/index.php?rest_route=\/wp\/v2\/pages\/32\/revisions"}],"predecessor-version":[{"id":3569,"href":"https:\/\/abril.neiff.com.ar\/index.php?rest_route=\/wp\/v2\/pages\/32\/revisions\/3569"}],"wp:attachment":[{"href":"https:\/\/abril.neiff.com.ar\/index.php?rest_route=%2Fwp%2Fv2%2Fmedia&parent=32"}],"curies":[{"name":"wp","href":"https:\/\/api.w.org\/{rel}","templated":true}]}}