{"id":3294,"date":"2025-09-24T13:11:33","date_gmt":"2025-09-24T13:11:33","guid":{"rendered":"https:\/\/abril.neiff.com.ar\/?page_id=3294"},"modified":"2025-09-28T21:54:55","modified_gmt":"2025-09-28T21:54:55","slug":"nuestros-valores","status":"publish","type":"page","link":"https:\/\/abril.neiff.com.ar\/?page_id=3294","title":{"rendered":"Nuestros Valores"},"content":{"rendered":"\t\t<div data-elementor-type=\"wp-page\" data-elementor-id=\"3294\" class=\"elementor elementor-3294\">\n\t\t\t\t<div class=\"elementor-element elementor-element-47d29dd e-flex e-con-boxed e-con e-parent\" data-id=\"47d29dd\" data-element_type=\"container\">\n\t\t\t\t\t<div class=\"e-con-inner\">\n\t\t\t\t<div class=\"elementor-element elementor-element-479879f elementor-widget elementor-widget-heading\" data-id=\"479879f\" data-element_type=\"widget\" data-widget_type=\"heading.default\">\n\t\t\t\t\t<h2 class=\"elementor-heading-title elementor-size-default\">Las siete varas<\/h2>\t\t\t\t<\/div>\n\t\t\t\t\t<\/div>\n\t\t\t\t<\/div>\n\t\t<div class=\"elementor-element elementor-element-6decfe0 e-con-full e-flex e-con e-parent\" data-id=\"6decfe0\" data-element_type=\"container\">\n\t\t<div class=\"elementor-element elementor-element-ec7fb72 e-con-full e-flex e-con e-child\" data-id=\"ec7fb72\" data-element_type=\"container\">\n\t\t\t\t<div class=\"elementor-element elementor-element-a38fb8f elementor-widget elementor-widget-text-editor\" data-id=\"a38fb8f\" data-element_type=\"widget\" data-widget_type=\"text-editor.default\">\n\t\t\t\t\t\t\t\t\t<p><span class=\"Title\">Un padre ten\u00eda siete hijos, que casi siempre estaban en desacuerdo. Estuvieron m\u00e1s ocupados en pelearse que en trabajar. Algunos maliciosos pensaron aprovechar esta falta de uni\u00f3n para quitarles la herencia el d\u00eda que el viejo muera. Entonces el padre reuni\u00f3 a sus siete hijos, les mostr\u00f3 un atado de siete varas y les dijo: <\/span><\/p><p>&#8211; Aquel que logre romper estos palos, recibe la chacra en herencia.<\/p><p>Uno tras otro, usando todas las fuerzas, lo intent\u00f3 in\u00fatilmente. Y dijeron:<\/p><p>&#8211; \u00a1Es imposible!<\/p><p>&#8211; Y, sin embargo, no hay nada m\u00e1s f\u00e1cil! &#8211; replic\u00f3 el padre.<\/p><p>Desat\u00f3 las sogas, separ\u00f3 los palos, y sus fuerzas de moribundo fueron suficientes para quebrar uno tras otro.<\/p><p>&#8211; \u00a1Claro! &#8211; exclamaron los hijos- de este modo es f\u00e1cil. As\u00ed hasta un ni\u00f1o lo puede!<\/p><p>El padre les dijo:<\/p><p>&#8211; Hijos m\u00edos, lo que pasa con estos palos, sucede con ustedes. Mientras ustedes est\u00e9n bien unidos, nadie los podr\u00e1 vencer. Pero si se disuelven los lazos, que deben unirlos en amor fraternal, les ocurrir\u00e1 lo mismo que a estos palos que est\u00e1n desparramados en el piso.<\/p>\t\t\t\t\t\t\t\t<\/div>\n\t\t\t\t<\/div>\n\t\t<div class=\"elementor-element elementor-element-342193f e-con-full e-flex e-con e-child\" data-id=\"342193f\" data-element_type=\"container\">\n\t\t\t\t<div class=\"elementor-element elementor-element-3d35ae4 elementor-widget elementor-widget-image\" data-id=\"3d35ae4\" data-element_type=\"widget\" data-widget_type=\"image.default\">\n\t\t\t\t\t\t\t\t\t\t\t\t\t\t\t<img fetchpriority=\"high\" decoding=\"async\" width=\"340\" height=\"240\" src=\"https:\/\/abril.neiff.com.ar\/wp-content\/uploads\/2025\/09\/solidaridad-1-e1758721184699.jpg\" class=\"attachment-large size-large wp-image-3318\" alt=\"\" srcset=\"https:\/\/abril.neiff.com.ar\/wp-content\/uploads\/2025\/09\/solidaridad-1-e1758721184699.jpg 340w, https:\/\/abril.neiff.com.ar\/wp-content\/uploads\/2025\/09\/solidaridad-1-e1758721184699-300x212.jpg 300w\" sizes=\"(max-width: 340px) 100vw, 340px\" \/>\t\t\t\t\t\t\t\t\t\t\t\t\t\t\t<\/div>\n\t\t\t\t<div class=\"elementor-element elementor-element-7496ea2 elementor-widget elementor-widget-heading\" data-id=\"7496ea2\" data-element_type=\"widget\" data-widget_type=\"heading.default\">\n\t\t\t\t\t<h2 class=\"elementor-heading-title elementor-size-default\">El esp\u00edritu mutualista, reflejado en un conocido relato<\/h2>\t\t\t\t<\/div>\n\t\t\t\t<\/div>\n\t\t\t\t<\/div>\n\t\t\t\t<\/div>\n\t\t","protected":false},"excerpt":{"rendered":"<p>Las siete varas Un padre ten\u00eda siete hijos, que casi siempre estaban en desacuerdo. Estuvieron m\u00e1s ocupados en pelearse que en trabajar. Algunos maliciosos pensaron aprovechar esta falta de uni\u00f3n para quitarles la herencia el d\u00eda que el viejo muera. Entonces el padre reuni\u00f3 a sus siete hijos, les mostr\u00f3 un atado de siete varas [&hellip;]<\/p>\n","protected":false},"author":1,"featured_media":0,"parent":0,"menu_order":0,"comment_status":"closed","ping_status":"closed","template":"","meta":{"_monsterinsights_skip_tracking":false,"_monsterinsights_sitenote_active":false,"_monsterinsights_sitenote_note":"","_monsterinsights_sitenote_category":0,"footnotes":""},"class_list":["post-3294","page","type-page","status-publish","hentry"],"aioseo_notices":[],"_links":{"self":[{"href":"https:\/\/abril.neiff.com.ar\/index.php?rest_route=\/wp\/v2\/pages\/3294","targetHints":{"allow":["GET"]}}],"collection":[{"href":"https:\/\/abril.neiff.com.ar\/index.php?rest_route=\/wp\/v2\/pages"}],"about":[{"href":"https:\/\/abril.neiff.com.ar\/index.php?rest_route=\/wp\/v2\/types\/page"}],"author":[{"embeddable":true,"href":"https:\/\/abril.neiff.com.ar\/index.php?rest_route=\/wp\/v2\/users\/1"}],"replies":[{"embeddable":true,"href":"https:\/\/abril.neiff.com.ar\/index.php?rest_route=%2Fwp%2Fv2%2Fcomments&post=3294"}],"version-history":[{"count":25,"href":"https:\/\/abril.neiff.com.ar\/index.php?rest_route=\/wp\/v2\/pages\/3294\/revisions"}],"predecessor-version":[{"id":3450,"href":"https:\/\/abril.neiff.com.ar\/index.php?rest_route=\/wp\/v2\/pages\/3294\/revisions\/3450"}],"wp:attachment":[{"href":"https:\/\/abril.neiff.com.ar\/index.php?rest_route=%2Fwp%2Fv2%2Fmedia&parent=3294"}],"curies":[{"name":"wp","href":"https:\/\/api.w.org\/{rel}","templated":true}]}}